{"id":441,"date":"2019-11-15T13:43:56","date_gmt":"2019-11-15T12:43:56","guid":{"rendered":"http:\/\/34.77.223.184\/?page_id=441"},"modified":"2025-12-11T16:24:07","modified_gmt":"2025-12-11T15:24:07","slug":"politica-de-privacidad","status":"publish","type":"page","link":"https:\/\/sitandplug.com\/blog\/politica-de-privacidad\/","title":{"rendered":"Pol\u00edtica de privacidad"},"content":{"rendered":"\t\t<div data-elementor-type=\"wp-page\" data-elementor-id=\"441\" class=\"elementor elementor-441\" data-elementor-post-type=\"page\">\n\t\t\t\t<div class=\"elementor-element elementor-element-a8efd1f e-flex e-con-boxed e-con e-parent\" data-id=\"a8efd1f\" data-element_type=\"container\">\n\t\t\t\t\t<div class=\"e-con-inner\">\n\t\t<div class=\"elementor-element elementor-element-f068478 e-con-full e-flex e-con e-child\" data-id=\"f068478\" data-element_type=\"container\">\n\t\t\t\t<div class=\"elementor-element elementor-element-673cc07 elementor-widget__width-initial elementor-widget elementor-widget-heading\" data-id=\"673cc07\" data-element_type=\"widget\" data-widget_type=\"heading.default\">\n\t\t\t\t<div class=\"elementor-widget-container\">\n\t\t\t\t\t<h1 class=\"elementor-heading-title elementor-size-default\">Pol\u00edtica de privacidad<\/h1>\t\t\t\t<\/div>\n\t\t\t\t<\/div>\n\t\t\t\t<div class=\"elementor-element elementor-element-a82ce87 elementor-widget__width-initial elementor-widget elementor-widget-heading\" data-id=\"a82ce87\" data-element_type=\"widget\" data-widget_type=\"heading.default\">\n\t\t\t\t<div class=\"elementor-widget-container\">\n\t\t\t\t\t<p class=\"elementor-heading-title elementor-size-default\">Tratamos tu informaci\u00f3n personal con el mismo rigor con el que gestionamos cada proyecto: con transparencia, responsabilidad y conforme a la normativa vigente.<\/p>\t\t\t\t<\/div>\n\t\t\t\t<\/div>\n\t\t\t\t<div class=\"elementor-element elementor-element-cde2240 elementor-widget elementor-widget-image\" data-id=\"cde2240\" data-element_type=\"widget\" data-widget_type=\"image.default\">\n\t\t\t\t<div class=\"elementor-widget-container\">\n\t\t\t\t\t\t\t\t\t\t\t\t\t\t\t<img fetchpriority=\"high\" decoding=\"async\" width=\"682\" height=\"692\" src=\"https:\/\/sitandplug.com\/blog\/wp-content\/uploads\/2025\/09\/sitandplug-waiting-drawing.png\" class=\"attachment-full_hd size-full_hd wp-image-7506\" alt=\"\" srcset=\"https:\/\/sitandplug.com\/blog\/wp-content\/uploads\/2025\/09\/sitandplug-waiting-drawing.png 682w, https:\/\/sitandplug.com\/blog\/wp-content\/uploads\/2025\/09\/sitandplug-waiting-drawing-296x300.png 296w, https:\/\/sitandplug.com\/blog\/wp-content\/uploads\/2025\/09\/sitandplug-waiting-drawing-180x183.png 180w, https:\/\/sitandplug.com\/blog\/wp-content\/uploads\/2025\/09\/sitandplug-waiting-drawing-360x365.png 360w, https:\/\/sitandplug.com\/blog\/wp-content\/uploads\/2025\/09\/sitandplug-waiting-drawing-640x649.png 640w\" sizes=\"(max-width: 682px) 100vw, 682px\" \/>\t\t\t\t\t\t\t\t\t\t\t\t\t\t\t<\/div>\n\t\t\t\t<\/div>\n\t\t\t\t<\/div>\n\t\t<div class=\"elementor-element elementor-element-585b1e7 e-con-full e-flex e-con e-child\" data-id=\"585b1e7\" data-element_type=\"container\">\n\t\t\t\t<div class=\"elementor-element elementor-element-1d31751 elementor-widget elementor-widget-text-editor\" data-id=\"1d31751\" data-element_type=\"widget\" data-widget_type=\"text-editor.default\">\n\t\t\t\t<div class=\"elementor-widget-container\">\n\t\t\t\t\t\t\t\t\t<p>Sitandplug se encuentra especialmente interesado en la seguridad y confidencialidad de los datos<br \/>aportados por los usuarios en cumplimiento con el Reglamento (UE) 2016\/679 y de la Ley Org\u00e1nica<br \/>3\/2018, de 5 de diciembre, de Protecci\u00f3n de Datos Personales y garant\u00eda de los derechos digitales.<\/p><p>En consecuencia, Sitandplug asume el compromiso de garantizar la privacidad del Usuario en todo<br \/>momento y de no recabar informaci\u00f3n innecesaria. A continuaci\u00f3n, le proporcionamos toda la<br \/>informaci\u00f3n necesaria sobre nuestra Pol\u00edtica de Privacidad en relaci\u00f3n con los Datos Personales que<br \/>recabamos de usted, explic\u00e1ndole:<\/p><ul><li>Qui\u00e9n es el responsable del tratamiento de sus datos.<\/li><li>Qui\u00e9n es nuestro Delegado de Protecci\u00f3n de Datos.<\/li><li>Para qu\u00e9 finalidades recabamos los datos que le solicitamos.<\/li><li>Cu\u00e1l es la legitimaci\u00f3n para su tratamiento.<\/li><li>Durante cu\u00e1nto tiempo los conservamos.<\/li><li>A qu\u00e9 destinatarios se comunican sus datos.<\/li><li>Cu\u00e1les son sus derechos.<\/li><\/ul><p>1- RESPONSABLE DEL TRATAMIENTO<\/p><p>Champocune, S.L. (en adelante \u201cSitandplug\u201d)CIF: B67530097<\/p><p>C\/ Napols 343, 08025 Barcelona<\/p><p>Mail para temas de protecci\u00f3n de datos, legal@sitandplug.com<\/p><p>En adelante \u201cSitandplug\u00ae\u201d, \u201cNosotros\u201d o el \u201cResponsable del Tratamiento\u201d.<\/p><p>2- DATOS PERSONALES<\/p><p>Esta pol\u00edtica de privacidad cubre todos los datos recopilados y utilizados por Nosotros a trav\u00e9s de la<br \/>Plataforma www.Sitandplug.es y la App (en adelante, la \u201cPlataforma\u201d).<\/p><p>Datos Personales hace referencia a cualquier informaci\u00f3n o datos que pueda identificarlo ya sea directa<br \/>o indirectamente.<\/p><p>Datos personales que se recaban:<\/p><p>Los datos recopilados por Sitandplug\u00ae a trav\u00e9s de la Plataforma incluyen:<\/p><p>En el momento del env\u00edo del formulario para obtener una propuesta de oficinas flexibles<\/p><ul><li>Correo electr\u00f3nico<\/li><li>Nombre<\/li><li>Tel\u00e9fono<\/li><li>Lo que disponga voluntariamente el propio interesado \/ Usuario<\/li><\/ul><p>Por correo electr\u00f3nico:<\/p><ul><li>El correo electr\u00f3nico, as\u00ed como los datos que disponga voluntariamente el propio interesado\/<br \/>Usuario.<\/li><\/ul><p>De forma indirecta:<\/p><ul><li>Informaci\u00f3n de c\u00f3mo usa nuestros productos y servicios, las funciones que utiliza, las acciones que<br \/>lleva a cabo, las personas o cuentas con las que interact\u00faa y c\u00f3mo interact\u00faa con ellos.<\/li><li>Informaci\u00f3n derivada del uso que da a la Plataforma de forma agregada para implementar mejoras<br \/>sobre el funcionamiento de la Plataforma y proporcionarle recomendaciones que podr\u00edan ser de su<br \/>inter\u00e9s.<\/li><\/ul><p>Para mostrarle informaci\u00f3n personalizada, consideramos que tenemos un inter\u00e9s leg\u00edtimo para realizar<br \/>un perfilado con la informaci\u00f3n que tenemos sobre usted y los datos personales que nos ha facilitado,<br \/>ya que entendemos que el tratamiento de estos datos tambi\u00e9n resulta beneficioso para usted porque<br \/>le permite mejorar su experiencia como usuario y acceder a informaci\u00f3n conforme a sus preferencias.<\/p><ul><li>Del mismo modo, tambi\u00e9n podemos recopilar datos a trav\u00e9s de las cookies.<\/li><\/ul><p>Por el presente, el Usuario (usted) garantiza que los Datos Personales proporcionados son ciertos y<br \/>exactos y se compromete a notificar cualquier cambio o modificaci\u00f3n de los mismos. Cualquier<br \/>p\u00e9rdida o da\u00f1o causado a Sitandplug\u00ae, a su Plataforma o a cualquier tercero mediante la comunicaci\u00f3n<br \/>de informaci\u00f3n err\u00f3nea, inexacta o incompleta en los formularios, ser\u00e1 responsabilidad exclusiva del<br \/>Usuario.<\/p><p>Usted nos facilita sus Datos Personales directamente (cuando rellena los formularios disponibles en la<br \/>Plataforma) o a trav\u00e9s de cookies de la web. Puede encontrar m\u00e1s informaci\u00f3n sobre las cookies<br \/>utilizadas en nuestra Web aqu\u00ed.<\/p><p>3 \u2013 FINALIDADES, LEGITIMACI\u00d3N Y CONSERVACI\u00d3N DE LOS TRATAMIENTOS DE LOS DATOS<\/p><p>Finalidad del tratamiento:<\/p><ul><li>Facilitar un medio para que el Usuario pueda ponerse en contacto con<br \/>nosotros y atender las consultas planteadas.<\/li><li>Facilitarle el presupuesto solicitado, en su caso.<\/li><li>Facilitar informaci\u00f3n general acerca de los servicios disponibles en la Plataforma.<\/li><li>Facilitar y gestionar el alquiler de espacios para usuarios.<\/li><li>Gestionar el pago de los servicios contratados.<\/li><li>Mejorar, desarrollar y probar nuestra Plataforma.<\/li><li>Env\u00edo de comunicaciones para informarle de nuevos servicios y noticias, incluso por medios electr\u00f3nicos (SMS, Whatsapp\u00ae, etc).<\/li><li>Cumplimiento de nuestras obligaciones legales y fiscales.<\/li><\/ul><p>Legitimaci\u00f3n:<\/p><ul><li>Su consentimiento expreso.<\/li><li>El inter\u00e9s leg\u00edtimo mutuo de las partes.<\/li><li>La relaci\u00f3n contractual que se establece en el momento en que Usted<br \/>acepta los T\u00e9rminos y<\/li><li>Condiciones de la Plataforma.<\/li><\/ul><p>Plazo de conservaci\u00f3n de sus datos personales:<\/p><p>Una vez resuelta su solicitud por medio de nuestro formulario de contacto o, contestada por correo<br \/>electr\u00f3nico, si no ha generado un nuevo tratamiento.<\/p><p>Los datos personales que Usted nos facilite a la hora de formalizar un contrato, ser\u00e1n conservados<br \/>mientras dure la relaci\u00f3n contractual y comercial con nosotros, y cinco a\u00f1os tras la terminaci\u00f3n del<br \/>contrato.<\/p><p>Los datos personales facilitados para el env\u00edo de informaci\u00f3n comercial y publicitaria, ser\u00e1n eliminados<br \/>cuando Usted nos lo solicite.<\/p><p>En caso de recibir su Curr\u00edculum Vitae, sus datos podr\u00e1n ser conservados durante un a\u00f1o m\u00e1ximo para<br \/>futuros procesos de selecci\u00f3n.<\/p><p>Es posible que retengamos algunos datos personales para cumplir con nuestras obligaciones legales o<br \/>reglamentarias, as\u00ed como para administrar nuestros derechos (por ejemplo, para hacer valer nuestras<br \/>reclamaciones ante los Tribunales) o con fines estad\u00edsticos o hist\u00f3ricos. Cuando ya no necesitemos<br \/>usar sus datos personales, se eliminar\u00e1n de nuestros sistemas y registros o se anonimizar\u00e1n para que<br \/>ya no podamos identificarlos.<\/p>\t\t\t\t\t\t\t\t<\/div>\n\t\t\t\t<\/div>\n\t\t\t\t<\/div>\n\t\t\t\t\t<\/div>\n\t\t\t\t<\/div>\n\t\t\t\t<\/div>\n\t\t","protected":false},"excerpt":{"rendered":"<p>Pol\u00edtica de privacidad Tratamos tu informaci\u00f3n personal con el mismo rigor con el que gestionamos cada proyecto: con transparencia, responsabilidad y conforme a la normativa vigente. Sitandplug se encuentra especialmente interesado en la seguridad y confidencialidad de los datosaportados por los usuarios en cumplimiento con el Reglamento (UE) 2016\/679 y de la Ley Org\u00e1nica3\/2018, de [&hellip;]<\/p>\n","protected":false},"author":6,"featured_media":0,"parent":0,"menu_order":105,"comment_status":"closed","ping_status":"closed","template":"","meta":{"_acf_changed":false,"inline_featured_image":false,"footnotes":""},"class_list":["post-441","page","type-page","status-publish","hentry"],"acf":[],"yoast_head":"<!-- This site is optimized with the Yoast SEO plugin v27.3 - https:\/\/yoast.com\/product\/yoast-seo-wordpress\/ -->\n<title>Pol\u00edtica de privacidad- Sit&amp;Plug<\/title>\n<meta name=\"description\" content=\"Pol\u00edtica de privacidad Tratamos tu informaci\u00f3n personal con el mismo rigor con el que gestionamos cada proyecto: con transparencia, responsabilidad y\" \/>\n<meta name=\"robots\" content=\"noindex, follow\" \/>\n<meta property=\"og:locale\" content=\"es_ES\" \/>\n<meta property=\"og:type\" content=\"article\" \/>\n<meta property=\"og:title\" content=\"Pol\u00edtica de privacidad- Sit&amp;Plug\" \/>\n<meta property=\"og:description\" content=\"Pol\u00edtica de privacidad Tratamos tu informaci\u00f3n personal con el mismo rigor con el que gestionamos cada proyecto: con transparencia, responsabilidad y\" \/>\n<meta property=\"og:url\" content=\"https:\/\/sitandplug.com\/blog\/politica-de-privacidad\/\" \/>\n<meta property=\"og:site_name\" content=\"Sit&amp;Plug\" \/>\n<meta property=\"article:modified_time\" content=\"2025-12-11T15:24:07+00:00\" \/>\n<meta property=\"og:image\" content=\"https:\/\/sitandplug.com\/blog\/wp-content\/uploads\/2025\/09\/sitandplug-waiting-drawing.png\" \/>\n\t<meta property=\"og:image:width\" content=\"682\" \/>\n\t<meta property=\"og:image:height\" content=\"692\" \/>\n\t<meta property=\"og:image:type\" content=\"image\/png\" \/>\n<meta name=\"twitter:card\" content=\"summary_large_image\" \/>\n<meta name=\"twitter:label1\" content=\"Tiempo de lectura\" \/>\n\t<meta name=\"twitter:data1\" content=\"4 minutos\" \/>\n<script type=\"application\/ld+json\" class=\"yoast-schema-graph\">{\"@context\":\"https:\\\/\\\/schema.org\",\"@graph\":[{\"@type\":\"WebPage\",\"@id\":\"https:\\\/\\\/sitandplug.com\\\/blog\\\/politica-de-privacidad\\\/\",\"url\":\"https:\\\/\\\/sitandplug.com\\\/blog\\\/politica-de-privacidad\\\/\",\"name\":\"Pol\u00edtica de privacidad- Sit&amp;Plug\",\"isPartOf\":{\"@id\":\"https:\\\/\\\/sitandplug.com\\\/blog\\\/#website\"},\"primaryImageOfPage\":{\"@id\":\"https:\\\/\\\/sitandplug.com\\\/blog\\\/politica-de-privacidad\\\/#primaryimage\"},\"image\":{\"@id\":\"https:\\\/\\\/sitandplug.com\\\/blog\\\/politica-de-privacidad\\\/#primaryimage\"},\"thumbnailUrl\":\"https:\\\/\\\/sitandplug.com\\\/blog\\\/wp-content\\\/uploads\\\/2025\\\/09\\\/sitandplug-waiting-drawing.png\",\"datePublished\":\"2019-11-15T12:43:56+00:00\",\"dateModified\":\"2025-12-11T15:24:07+00:00\",\"description\":\"Pol\u00edtica de privacidad Tratamos tu informaci\u00f3n personal con el mismo rigor con el que gestionamos cada proyecto: con transparencia, responsabilidad y\",\"breadcrumb\":{\"@id\":\"https:\\\/\\\/sitandplug.com\\\/blog\\\/politica-de-privacidad\\\/#breadcrumb\"},\"inLanguage\":\"es\",\"potentialAction\":[{\"@type\":\"ReadAction\",\"target\":[\"https:\\\/\\\/sitandplug.com\\\/blog\\\/politica-de-privacidad\\\/\"]}]},{\"@type\":\"ImageObject\",\"inLanguage\":\"es\",\"@id\":\"https:\\\/\\\/sitandplug.com\\\/blog\\\/politica-de-privacidad\\\/#primaryimage\",\"url\":\"https:\\\/\\\/sitandplug.com\\\/blog\\\/wp-content\\\/uploads\\\/2025\\\/09\\\/sitandplug-waiting-drawing.png\",\"contentUrl\":\"https:\\\/\\\/sitandplug.com\\\/blog\\\/wp-content\\\/uploads\\\/2025\\\/09\\\/sitandplug-waiting-drawing.png\",\"width\":682,\"height\":692},{\"@type\":\"BreadcrumbList\",\"@id\":\"https:\\\/\\\/sitandplug.com\\\/blog\\\/politica-de-privacidad\\\/#breadcrumb\",\"itemListElement\":[{\"@type\":\"ListItem\",\"position\":1,\"name\":\"Home\",\"item\":\"https:\\\/\\\/sitandplug.com\\\/blog\\\/\"},{\"@type\":\"ListItem\",\"position\":2,\"name\":\"Pol\u00edtica de privacidad\"}]},{\"@type\":\"WebSite\",\"@id\":\"https:\\\/\\\/sitandplug.com\\\/blog\\\/#website\",\"url\":\"https:\\\/\\\/sitandplug.com\\\/blog\\\/\",\"name\":\"Sit&amp;Plug\",\"description\":\"Your office everywhere\",\"publisher\":{\"@id\":\"https:\\\/\\\/sitandplug.com\\\/blog\\\/#organization\"},\"potentialAction\":[{\"@type\":\"SearchAction\",\"target\":{\"@type\":\"EntryPoint\",\"urlTemplate\":\"https:\\\/\\\/sitandplug.com\\\/blog\\\/?s={search_term_string}\"},\"query-input\":{\"@type\":\"PropertyValueSpecification\",\"valueRequired\":true,\"valueName\":\"search_term_string\"}}],\"inLanguage\":\"es\"},{\"@type\":\"Organization\",\"@id\":\"https:\\\/\\\/sitandplug.com\\\/blog\\\/#organization\",\"name\":\"Sit&amp;Plug\",\"url\":\"https:\\\/\\\/sitandplug.com\\\/blog\\\/\",\"logo\":{\"@type\":\"ImageObject\",\"inLanguage\":\"es\",\"@id\":\"https:\\\/\\\/sitandplug.com\\\/blog\\\/#\\\/schema\\\/logo\\\/image\\\/\",\"url\":\"https:\\\/\\\/sitandplug.com\\\/blog\\\/wp-content\\\/uploads\\\/2025\\\/09\\\/logo-black.svg\",\"contentUrl\":\"https:\\\/\\\/sitandplug.com\\\/blog\\\/wp-content\\\/uploads\\\/2025\\\/09\\\/logo-black.svg\",\"width\":158,\"height\":40,\"caption\":\"Sit&amp;Plug\"},\"image\":{\"@id\":\"https:\\\/\\\/sitandplug.com\\\/blog\\\/#\\\/schema\\\/logo\\\/image\\\/\"}}]}<\/script>\n<!-- \/ Yoast SEO plugin. -->","yoast_head_json":{"title":"Pol\u00edtica de privacidad- Sit&amp;Plug","description":"Pol\u00edtica de privacidad Tratamos tu informaci\u00f3n personal con el mismo rigor con el que gestionamos cada proyecto: con transparencia, responsabilidad y","robots":{"index":"noindex","follow":"follow"},"og_locale":"es_ES","og_type":"article","og_title":"Pol\u00edtica de privacidad- Sit&amp;Plug","og_description":"Pol\u00edtica de privacidad Tratamos tu informaci\u00f3n personal con el mismo rigor con el que gestionamos cada proyecto: con transparencia, responsabilidad y","og_url":"https:\/\/sitandplug.com\/blog\/politica-de-privacidad\/","og_site_name":"Sit&amp;Plug","article_modified_time":"2025-12-11T15:24:07+00:00","og_image":[{"width":682,"height":692,"url":"https:\/\/sitandplug.com\/blog\/wp-content\/uploads\/2025\/09\/sitandplug-waiting-drawing.png","type":"image\/png"}],"twitter_card":"summary_large_image","twitter_misc":{"Tiempo de lectura":"4 minutos"},"schema":{"@context":"https:\/\/schema.org","@graph":[{"@type":"WebPage","@id":"https:\/\/sitandplug.com\/blog\/politica-de-privacidad\/","url":"https:\/\/sitandplug.com\/blog\/politica-de-privacidad\/","name":"Pol\u00edtica de privacidad- Sit&amp;Plug","isPartOf":{"@id":"https:\/\/sitandplug.com\/blog\/#website"},"primaryImageOfPage":{"@id":"https:\/\/sitandplug.com\/blog\/politica-de-privacidad\/#primaryimage"},"image":{"@id":"https:\/\/sitandplug.com\/blog\/politica-de-privacidad\/#primaryimage"},"thumbnailUrl":"https:\/\/sitandplug.com\/blog\/wp-content\/uploads\/2025\/09\/sitandplug-waiting-drawing.png","datePublished":"2019-11-15T12:43:56+00:00","dateModified":"2025-12-11T15:24:07+00:00","description":"Pol\u00edtica de privacidad Tratamos tu informaci\u00f3n personal con el mismo rigor con el que gestionamos cada proyecto: con transparencia, responsabilidad y","breadcrumb":{"@id":"https:\/\/sitandplug.com\/blog\/politica-de-privacidad\/#breadcrumb"},"inLanguage":"es","potentialAction":[{"@type":"ReadAction","target":["https:\/\/sitandplug.com\/blog\/politica-de-privacidad\/"]}]},{"@type":"ImageObject","inLanguage":"es","@id":"https:\/\/sitandplug.com\/blog\/politica-de-privacidad\/#primaryimage","url":"https:\/\/sitandplug.com\/blog\/wp-content\/uploads\/2025\/09\/sitandplug-waiting-drawing.png","contentUrl":"https:\/\/sitandplug.com\/blog\/wp-content\/uploads\/2025\/09\/sitandplug-waiting-drawing.png","width":682,"height":692},{"@type":"BreadcrumbList","@id":"https:\/\/sitandplug.com\/blog\/politica-de-privacidad\/#breadcrumb","itemListElement":[{"@type":"ListItem","position":1,"name":"Home","item":"https:\/\/sitandplug.com\/blog\/"},{"@type":"ListItem","position":2,"name":"Pol\u00edtica de privacidad"}]},{"@type":"WebSite","@id":"https:\/\/sitandplug.com\/blog\/#website","url":"https:\/\/sitandplug.com\/blog\/","name":"Sit&amp;Plug","description":"Your office everywhere","publisher":{"@id":"https:\/\/sitandplug.com\/blog\/#organization"},"potentialAction":[{"@type":"SearchAction","target":{"@type":"EntryPoint","urlTemplate":"https:\/\/sitandplug.com\/blog\/?s={search_term_string}"},"query-input":{"@type":"PropertyValueSpecification","valueRequired":true,"valueName":"search_term_string"}}],"inLanguage":"es"},{"@type":"Organization","@id":"https:\/\/sitandplug.com\/blog\/#organization","name":"Sit&amp;Plug","url":"https:\/\/sitandplug.com\/blog\/","logo":{"@type":"ImageObject","inLanguage":"es","@id":"https:\/\/sitandplug.com\/blog\/#\/schema\/logo\/image\/","url":"https:\/\/sitandplug.com\/blog\/wp-content\/uploads\/2025\/09\/logo-black.svg","contentUrl":"https:\/\/sitandplug.com\/blog\/wp-content\/uploads\/2025\/09\/logo-black.svg","width":158,"height":40,"caption":"Sit&amp;Plug"},"image":{"@id":"https:\/\/sitandplug.com\/blog\/#\/schema\/logo\/image\/"}}]}},"_links":{"self":[{"href":"https:\/\/sitandplug.com\/blog\/wp-json\/wp\/v2\/pages\/441","targetHints":{"allow":["GET"]}}],"collection":[{"href":"https:\/\/sitandplug.com\/blog\/wp-json\/wp\/v2\/pages"}],"about":[{"href":"https:\/\/sitandplug.com\/blog\/wp-json\/wp\/v2\/types\/page"}],"author":[{"embeddable":true,"href":"https:\/\/sitandplug.com\/blog\/wp-json\/wp\/v2\/users\/6"}],"replies":[{"embeddable":true,"href":"https:\/\/sitandplug.com\/blog\/wp-json\/wp\/v2\/comments?post=441"}],"version-history":[{"count":20,"href":"https:\/\/sitandplug.com\/blog\/wp-json\/wp\/v2\/pages\/441\/revisions"}],"predecessor-version":[{"id":9148,"href":"https:\/\/sitandplug.com\/blog\/wp-json\/wp\/v2\/pages\/441\/revisions\/9148"}],"wp:attachment":[{"href":"https:\/\/sitandplug.com\/blog\/wp-json\/wp\/v2\/media?parent=441"}],"curies":[{"name":"wp","href":"https:\/\/api.w.org\/{rel}","templated":true}]}}