{"id":451,"date":"2019-11-15T16:10:44","date_gmt":"2019-11-15T15:10:44","guid":{"rendered":"http:\/\/34.77.223.184\/?page_id=451"},"modified":"2025-12-09T17:36:32","modified_gmt":"2025-12-09T16:36:32","slug":"aviso-legal","status":"publish","type":"page","link":"https:\/\/sitandplug.com\/blog\/aviso-legal\/","title":{"rendered":"Aviso legal"},"content":{"rendered":"\t\t<div data-elementor-type=\"wp-page\" data-elementor-id=\"451\" class=\"elementor elementor-451\" data-elementor-post-type=\"page\">\n\t\t\t\t<div class=\"elementor-element elementor-element-b34a12c e-flex e-con-boxed e-con e-parent\" data-id=\"b34a12c\" data-element_type=\"container\">\n\t\t\t\t\t<div class=\"e-con-inner\">\n\t\t<div class=\"elementor-element elementor-element-9a55f93 e-con-full e-flex e-con e-child\" data-id=\"9a55f93\" data-element_type=\"container\">\n\t\t\t\t<div class=\"elementor-element elementor-element-b484fac elementor-widget elementor-widget-heading\" data-id=\"b484fac\" data-element_type=\"widget\" data-widget_type=\"heading.default\">\n\t\t\t\t<div class=\"elementor-widget-container\">\n\t\t\t\t\t<h1 class=\"elementor-heading-title elementor-size-default\">Aviso Legal<\/h1>\t\t\t\t<\/div>\n\t\t\t\t<\/div>\n\t\t\t\t<div class=\"elementor-element elementor-element-b20bfd6 elementor-widget__width-initial elementor-widget elementor-widget-heading\" data-id=\"b20bfd6\" data-element_type=\"widget\" data-widget_type=\"heading.default\">\n\t\t\t\t<div class=\"elementor-widget-container\">\n\t\t\t\t\t<p class=\"elementor-heading-title elementor-size-default\">Como en cualquier buena oficina, aqu\u00ed tambi\u00e9n hay unas normas claras. L\u00e9etelas con detenimiento para una buena convivencia.\u00a0<\/p>\t\t\t\t<\/div>\n\t\t\t\t<\/div>\n\t\t\t\t<div class=\"elementor-element elementor-element-d0a2603 elementor-widget elementor-widget-image\" data-id=\"d0a2603\" data-element_type=\"widget\" data-widget_type=\"image.default\">\n\t\t\t\t<div class=\"elementor-widget-container\">\n\t\t\t\t\t\t\t\t\t\t\t\t\t\t\t<img fetchpriority=\"high\" decoding=\"async\" width=\"649\" height=\"734\" src=\"https:\/\/sitandplug.com\/blog\/wp-content\/uploads\/2025\/09\/sitandplug-raining-drawing.png\" class=\"attachment-full_hd size-full_hd wp-image-7504\" alt=\"\" srcset=\"https:\/\/sitandplug.com\/blog\/wp-content\/uploads\/2025\/09\/sitandplug-raining-drawing.png 649w, https:\/\/sitandplug.com\/blog\/wp-content\/uploads\/2025\/09\/sitandplug-raining-drawing-265x300.png 265w, https:\/\/sitandplug.com\/blog\/wp-content\/uploads\/2025\/09\/sitandplug-raining-drawing-180x204.png 180w, https:\/\/sitandplug.com\/blog\/wp-content\/uploads\/2025\/09\/sitandplug-raining-drawing-360x407.png 360w, https:\/\/sitandplug.com\/blog\/wp-content\/uploads\/2025\/09\/sitandplug-raining-drawing-640x724.png 640w\" sizes=\"(max-width: 649px) 100vw, 649px\" \/>\t\t\t\t\t\t\t\t\t\t\t\t\t\t\t<\/div>\n\t\t\t\t<\/div>\n\t\t\t\t<\/div>\n\t\t<div class=\"elementor-element elementor-element-9da18a9 e-con-full e-flex e-con e-child\" data-id=\"9da18a9\" data-element_type=\"container\">\n\t\t\t\t<div class=\"elementor-element elementor-element-8d1f81a elementor-widget elementor-widget-text-editor\" data-id=\"8d1f81a\" data-element_type=\"widget\" data-widget_type=\"text-editor.default\">\n\t\t\t\t<div class=\"elementor-widget-container\">\n\t\t\t\t\t\t\t\t\t<p><strong>I.- Aviso Legal y Condiciones de uso.<\/strong><\/p><p>En un principio, la utilizaci\u00f3n del sitio web es de car\u00e1cter gratuito, y en alg\u00fan caso, dicha utilizaci\u00f3n podr\u00eda estar sujeta a Condiciones Generales y Condiciones Particulares de utilizaci\u00f3n. Por ello, el acceso y utilizaci\u00f3n de los servicios del sitio web significar\u00e1 la aceptaci\u00f3n de dichas Condiciones.<\/p><p>En cumplimiento con el deber de informaci\u00f3n recogido en el art\u00edculo 10 de la Ley 34\/2002, de 11 de julio, de Servicios de la Sociedad de la Informaci\u00f3n y Comercio Electr\u00f3nico, se exponen los siguientes datos identificativos del prestador del servicio a trav\u00e9s del sitio web http:\/\/sitandplug.com:<\/p><p>CHAMPOCUNE, S.L.<\/p><p>B-67530097<\/p><p>C\/ Napols 343, 08025 Barcelona<\/p><p>(email general hi@sitandplug.com)<\/p><p><strong>II.- Contenido, t\u00e9rminos legales y responsabilidades.<\/strong><\/p><p>El sitio web incluye contenidos elaborados por los titulares del mismo y sus colaboradores, los cuales tienen fines meramente informativos, ya que en alguna ocasi\u00f3n, \u00e9stos podr\u00edan no reflejar la actualidad m\u00e1s reciente, por lo que en cualquier momento dichos contenidos podr\u00e1n ser modificados y\/o sustituidos por unos nuevos, sin notificaci\u00f3n previa, ni responsabilidad alguna.<\/p><p>El usuario, cuando accede al sitio web, lo hace por su propia cuenta y riesgo. www.sitandplug.com no garantiza ni la rapidez, ni la ausencia de interrupciones ni de virus en el sitio web. Asimismo, el titular del sitio web, los colaboradores, sus socios, empleados y representantes tampoco podr\u00e1n ser considerados responsables por cualesquiera da\u00f1os derivados de la utilizaci\u00f3n de este sitio web, ni por cualquier actuaci\u00f3n realizada sobre la base de la informaci\u00f3n que en \u00e9l se facilita.<\/p><p>No se garantiza la ausencia de virus u otros elementos lesivos que pudieran causar da\u00f1os o alteraciones en el sistema inform\u00e1tico, en los documentos electr\u00f3nicos o en los ficheros del usuario de este sitio web.<\/p><p>En consecuencia, no se responde por los da\u00f1os y perjuicios que tales elementos pudieran ocasionar al usuario o a terceros.<\/p><p><strong>III.- Propiedad Intelectual e Industrial.<\/strong><\/p><p>La totalidad de los contenidos de este sitio web, como son, con car\u00e1cter enunciativo y no limitativo, textos, im\u00e1genes, sonido, ficheros, marcas, logotipos, combinaciones de colores, o cualquier otro elemento, su estructura y dise\u00f1o, la selecci\u00f3n y forma de presentaci\u00f3n de los contenidos incluidos en el mismo, y los programas de ordenador necesarios para su funcionamiento, acceso y utilizaci\u00f3n, son propiedad de los titulares del sitio web.<\/p><p>La reproducci\u00f3n, el almacenamiento permanente y la difusi\u00f3n de los Contenidos del sitio web o cualquier uso que tenga fines p\u00fablicos o comerciales queda terminantemente prohibido sin el previo consentimiento por escrito del titular del sitio web, y siempre que se haga referencia expl\u00edcita a\u00a0 www.sitandplug.com y a su titularidad.<\/p><p><strong>IV.- Ley aplicable y jurisdicci\u00f3n.<\/strong><\/p><p>Las presentes condiciones de uso se rigen por la legislaci\u00f3n espa\u00f1ola, siendo competentes los Juzgados y Tribunales de la ciudad de Barcelona para conocer de cuantas cuestiones se susciten sobre la interpretaci\u00f3n, aplicaci\u00f3n y cumplimiento de las mismas.<\/p><p>Los usuarios, por virtud de su aceptaci\u00f3n a las condiciones generales recogidas en este aviso legal, renuncian expresamente a cualquier fuero que, por aplicaci\u00f3n de la Ley de Enjuiciamiento Civil vigente, pudiera corresponderles.at vulputate convallis. Duis interdum dictumst mi in nisl magna adipiscing. Scelerisque enim mi at urna mauris viverra arcu sit. Massa sed viverra metus sit fermentum tortor.<\/p>\t\t\t\t\t\t\t\t<\/div>\n\t\t\t\t<\/div>\n\t\t\t\t<\/div>\n\t\t\t\t\t<\/div>\n\t\t\t\t<\/div>\n\t\t\t\t<\/div>\n\t\t","protected":false},"excerpt":{"rendered":"<p>Aviso Legal Como en cualquier buena oficina, aqu\u00ed tambi\u00e9n hay unas normas claras. L\u00e9etelas con detenimiento para una buena convivencia.\u00a0 I.- Aviso Legal y Condiciones de uso. En un principio, la utilizaci\u00f3n del sitio web es de car\u00e1cter gratuito, y en alg\u00fan caso, dicha utilizaci\u00f3n podr\u00eda estar sujeta a Condiciones Generales y Condiciones Particulares de [&hellip;]<\/p>\n","protected":false},"author":6,"featured_media":0,"parent":0,"menu_order":100,"comment_status":"closed","ping_status":"closed","template":"","meta":{"_acf_changed":false,"inline_featured_image":false,"footnotes":""},"class_list":["post-451","page","type-page","status-publish","hentry"],"acf":[],"yoast_head":"<!-- This site is optimized with the Yoast SEO plugin v27.3 - https:\/\/yoast.com\/product\/yoast-seo-wordpress\/ -->\n<title>Aviso legal- Sit&amp;Plug<\/title>\n<meta name=\"description\" content=\"Aviso Legal Como en cualquier buena oficina, aqu\u00ed tambi\u00e9n hay unas normas claras. L\u00e9etelas con detenimiento para una buena convivencia.\u00a0 I.- Aviso Legal y\" \/>\n<meta name=\"robots\" content=\"noindex, follow\" \/>\n<meta property=\"og:locale\" content=\"es_ES\" \/>\n<meta property=\"og:type\" content=\"article\" \/>\n<meta property=\"og:title\" content=\"Aviso legal- Sit&amp;Plug\" \/>\n<meta property=\"og:description\" content=\"Aviso Legal Como en cualquier buena oficina, aqu\u00ed tambi\u00e9n hay unas normas claras. L\u00e9etelas con detenimiento para una buena convivencia.\u00a0 I.- Aviso Legal y\" \/>\n<meta property=\"og:url\" content=\"https:\/\/sitandplug.com\/blog\/aviso-legal\/\" \/>\n<meta property=\"og:site_name\" content=\"Sit&amp;Plug\" \/>\n<meta property=\"article:modified_time\" content=\"2025-12-09T16:36:32+00:00\" \/>\n<meta property=\"og:image\" content=\"https:\/\/sitandplug.com\/blog\/wp-content\/uploads\/2025\/09\/sitandplug-raining-drawing.png\" \/>\n\t<meta property=\"og:image:width\" content=\"649\" \/>\n\t<meta property=\"og:image:height\" content=\"734\" \/>\n\t<meta property=\"og:image:type\" content=\"image\/png\" \/>\n<meta name=\"twitter:card\" content=\"summary_large_image\" \/>\n<meta name=\"twitter:label1\" content=\"Tiempo de lectura\" \/>\n\t<meta name=\"twitter:data1\" content=\"3 minutos\" \/>\n<script type=\"application\/ld+json\" class=\"yoast-schema-graph\">{\"@context\":\"https:\\\/\\\/schema.org\",\"@graph\":[{\"@type\":\"WebPage\",\"@id\":\"https:\\\/\\\/sitandplug.com\\\/blog\\\/aviso-legal\\\/\",\"url\":\"https:\\\/\\\/sitandplug.com\\\/blog\\\/aviso-legal\\\/\",\"name\":\"Aviso legal- Sit&amp;Plug\",\"isPartOf\":{\"@id\":\"https:\\\/\\\/sitandplug.com\\\/blog\\\/#website\"},\"primaryImageOfPage\":{\"@id\":\"https:\\\/\\\/sitandplug.com\\\/blog\\\/aviso-legal\\\/#primaryimage\"},\"image\":{\"@id\":\"https:\\\/\\\/sitandplug.com\\\/blog\\\/aviso-legal\\\/#primaryimage\"},\"thumbnailUrl\":\"https:\\\/\\\/sitandplug.com\\\/blog\\\/wp-content\\\/uploads\\\/2025\\\/09\\\/sitandplug-raining-drawing.png\",\"datePublished\":\"2019-11-15T15:10:44+00:00\",\"dateModified\":\"2025-12-09T16:36:32+00:00\",\"description\":\"Aviso Legal Como en cualquier buena oficina, aqu\u00ed tambi\u00e9n hay unas normas claras. L\u00e9etelas con detenimiento para una buena convivencia.\u00a0 I.- Aviso Legal y\",\"breadcrumb\":{\"@id\":\"https:\\\/\\\/sitandplug.com\\\/blog\\\/aviso-legal\\\/#breadcrumb\"},\"inLanguage\":\"es\",\"potentialAction\":[{\"@type\":\"ReadAction\",\"target\":[\"https:\\\/\\\/sitandplug.com\\\/blog\\\/aviso-legal\\\/\"]}]},{\"@type\":\"ImageObject\",\"inLanguage\":\"es\",\"@id\":\"https:\\\/\\\/sitandplug.com\\\/blog\\\/aviso-legal\\\/#primaryimage\",\"url\":\"https:\\\/\\\/sitandplug.com\\\/blog\\\/wp-content\\\/uploads\\\/2025\\\/09\\\/sitandplug-raining-drawing.png\",\"contentUrl\":\"https:\\\/\\\/sitandplug.com\\\/blog\\\/wp-content\\\/uploads\\\/2025\\\/09\\\/sitandplug-raining-drawing.png\",\"width\":649,\"height\":734},{\"@type\":\"BreadcrumbList\",\"@id\":\"https:\\\/\\\/sitandplug.com\\\/blog\\\/aviso-legal\\\/#breadcrumb\",\"itemListElement\":[{\"@type\":\"ListItem\",\"position\":1,\"name\":\"Home\",\"item\":\"https:\\\/\\\/sitandplug.com\\\/blog\\\/\"},{\"@type\":\"ListItem\",\"position\":2,\"name\":\"Aviso legal\"}]},{\"@type\":\"WebSite\",\"@id\":\"https:\\\/\\\/sitandplug.com\\\/blog\\\/#website\",\"url\":\"https:\\\/\\\/sitandplug.com\\\/blog\\\/\",\"name\":\"Sit&amp;Plug\",\"description\":\"Your office everywhere\",\"publisher\":{\"@id\":\"https:\\\/\\\/sitandplug.com\\\/blog\\\/#organization\"},\"potentialAction\":[{\"@type\":\"SearchAction\",\"target\":{\"@type\":\"EntryPoint\",\"urlTemplate\":\"https:\\\/\\\/sitandplug.com\\\/blog\\\/?s={search_term_string}\"},\"query-input\":{\"@type\":\"PropertyValueSpecification\",\"valueRequired\":true,\"valueName\":\"search_term_string\"}}],\"inLanguage\":\"es\"},{\"@type\":\"Organization\",\"@id\":\"https:\\\/\\\/sitandplug.com\\\/blog\\\/#organization\",\"name\":\"Sit&amp;Plug\",\"url\":\"https:\\\/\\\/sitandplug.com\\\/blog\\\/\",\"logo\":{\"@type\":\"ImageObject\",\"inLanguage\":\"es\",\"@id\":\"https:\\\/\\\/sitandplug.com\\\/blog\\\/#\\\/schema\\\/logo\\\/image\\\/\",\"url\":\"https:\\\/\\\/sitandplug.com\\\/blog\\\/wp-content\\\/uploads\\\/2025\\\/09\\\/logo-black.svg\",\"contentUrl\":\"https:\\\/\\\/sitandplug.com\\\/blog\\\/wp-content\\\/uploads\\\/2025\\\/09\\\/logo-black.svg\",\"width\":158,\"height\":40,\"caption\":\"Sit&amp;Plug\"},\"image\":{\"@id\":\"https:\\\/\\\/sitandplug.com\\\/blog\\\/#\\\/schema\\\/logo\\\/image\\\/\"}}]}<\/script>\n<!-- \/ Yoast SEO plugin. -->","yoast_head_json":{"title":"Aviso legal- Sit&amp;Plug","description":"Aviso Legal Como en cualquier buena oficina, aqu\u00ed tambi\u00e9n hay unas normas claras. L\u00e9etelas con detenimiento para una buena convivencia.\u00a0 I.- Aviso Legal y","robots":{"index":"noindex","follow":"follow"},"og_locale":"es_ES","og_type":"article","og_title":"Aviso legal- Sit&amp;Plug","og_description":"Aviso Legal Como en cualquier buena oficina, aqu\u00ed tambi\u00e9n hay unas normas claras. L\u00e9etelas con detenimiento para una buena convivencia.\u00a0 I.- Aviso Legal y","og_url":"https:\/\/sitandplug.com\/blog\/aviso-legal\/","og_site_name":"Sit&amp;Plug","article_modified_time":"2025-12-09T16:36:32+00:00","og_image":[{"width":649,"height":734,"url":"https:\/\/sitandplug.com\/blog\/wp-content\/uploads\/2025\/09\/sitandplug-raining-drawing.png","type":"image\/png"}],"twitter_card":"summary_large_image","twitter_misc":{"Tiempo de lectura":"3 minutos"},"schema":{"@context":"https:\/\/schema.org","@graph":[{"@type":"WebPage","@id":"https:\/\/sitandplug.com\/blog\/aviso-legal\/","url":"https:\/\/sitandplug.com\/blog\/aviso-legal\/","name":"Aviso legal- Sit&amp;Plug","isPartOf":{"@id":"https:\/\/sitandplug.com\/blog\/#website"},"primaryImageOfPage":{"@id":"https:\/\/sitandplug.com\/blog\/aviso-legal\/#primaryimage"},"image":{"@id":"https:\/\/sitandplug.com\/blog\/aviso-legal\/#primaryimage"},"thumbnailUrl":"https:\/\/sitandplug.com\/blog\/wp-content\/uploads\/2025\/09\/sitandplug-raining-drawing.png","datePublished":"2019-11-15T15:10:44+00:00","dateModified":"2025-12-09T16:36:32+00:00","description":"Aviso Legal Como en cualquier buena oficina, aqu\u00ed tambi\u00e9n hay unas normas claras. L\u00e9etelas con detenimiento para una buena convivencia.\u00a0 I.- Aviso Legal y","breadcrumb":{"@id":"https:\/\/sitandplug.com\/blog\/aviso-legal\/#breadcrumb"},"inLanguage":"es","potentialAction":[{"@type":"ReadAction","target":["https:\/\/sitandplug.com\/blog\/aviso-legal\/"]}]},{"@type":"ImageObject","inLanguage":"es","@id":"https:\/\/sitandplug.com\/blog\/aviso-legal\/#primaryimage","url":"https:\/\/sitandplug.com\/blog\/wp-content\/uploads\/2025\/09\/sitandplug-raining-drawing.png","contentUrl":"https:\/\/sitandplug.com\/blog\/wp-content\/uploads\/2025\/09\/sitandplug-raining-drawing.png","width":649,"height":734},{"@type":"BreadcrumbList","@id":"https:\/\/sitandplug.com\/blog\/aviso-legal\/#breadcrumb","itemListElement":[{"@type":"ListItem","position":1,"name":"Home","item":"https:\/\/sitandplug.com\/blog\/"},{"@type":"ListItem","position":2,"name":"Aviso legal"}]},{"@type":"WebSite","@id":"https:\/\/sitandplug.com\/blog\/#website","url":"https:\/\/sitandplug.com\/blog\/","name":"Sit&amp;Plug","description":"Your office everywhere","publisher":{"@id":"https:\/\/sitandplug.com\/blog\/#organization"},"potentialAction":[{"@type":"SearchAction","target":{"@type":"EntryPoint","urlTemplate":"https:\/\/sitandplug.com\/blog\/?s={search_term_string}"},"query-input":{"@type":"PropertyValueSpecification","valueRequired":true,"valueName":"search_term_string"}}],"inLanguage":"es"},{"@type":"Organization","@id":"https:\/\/sitandplug.com\/blog\/#organization","name":"Sit&amp;Plug","url":"https:\/\/sitandplug.com\/blog\/","logo":{"@type":"ImageObject","inLanguage":"es","@id":"https:\/\/sitandplug.com\/blog\/#\/schema\/logo\/image\/","url":"https:\/\/sitandplug.com\/blog\/wp-content\/uploads\/2025\/09\/logo-black.svg","contentUrl":"https:\/\/sitandplug.com\/blog\/wp-content\/uploads\/2025\/09\/logo-black.svg","width":158,"height":40,"caption":"Sit&amp;Plug"},"image":{"@id":"https:\/\/sitandplug.com\/blog\/#\/schema\/logo\/image\/"}}]}},"_links":{"self":[{"href":"https:\/\/sitandplug.com\/blog\/wp-json\/wp\/v2\/pages\/451","targetHints":{"allow":["GET"]}}],"collection":[{"href":"https:\/\/sitandplug.com\/blog\/wp-json\/wp\/v2\/pages"}],"about":[{"href":"https:\/\/sitandplug.com\/blog\/wp-json\/wp\/v2\/types\/page"}],"author":[{"embeddable":true,"href":"https:\/\/sitandplug.com\/blog\/wp-json\/wp\/v2\/users\/6"}],"replies":[{"embeddable":true,"href":"https:\/\/sitandplug.com\/blog\/wp-json\/wp\/v2\/comments?post=451"}],"version-history":[{"count":11,"href":"https:\/\/sitandplug.com\/blog\/wp-json\/wp\/v2\/pages\/451\/revisions"}],"predecessor-version":[{"id":9102,"href":"https:\/\/sitandplug.com\/blog\/wp-json\/wp\/v2\/pages\/451\/revisions\/9102"}],"wp:attachment":[{"href":"https:\/\/sitandplug.com\/blog\/wp-json\/wp\/v2\/media?parent=451"}],"curies":[{"name":"wp","href":"https:\/\/api.w.org\/{rel}","templated":true}]}}