{"id":7475,"date":"2025-09-16T15:50:43","date_gmt":"2025-09-16T14:50:43","guid":{"rendered":"https:\/\/sitandplug.com\/blog\/?page_id=7475"},"modified":"2025-12-23T17:23:54","modified_gmt":"2025-12-23T16:23:54","slug":"contact","status":"publish","type":"page","link":"https:\/\/sitandplug.com\/blog\/contact\/","title":{"rendered":"Contacta"},"content":{"rendered":"\t\t<div data-elementor-type=\"wp-page\" data-elementor-id=\"7475\" class=\"elementor elementor-7475\" data-elementor-post-type=\"page\">\n\t\t\t\t<div class=\"elementor-element elementor-element-1f386c3 e-flex e-con-boxed e-con e-parent\" data-id=\"1f386c3\" data-element_type=\"container\">\n\t\t\t\t\t<div class=\"e-con-inner\">\n\t\t<div class=\"elementor-element elementor-element-13ce16e e-con-full e-flex e-con e-child\" data-id=\"13ce16e\" data-element_type=\"container\">\n\t\t\t\t<div class=\"elementor-element elementor-element-886f887 elementor-widget elementor-widget-heading\" data-id=\"886f887\" data-element_type=\"widget\" data-widget_type=\"heading.default\">\n\t\t\t\t<div class=\"elementor-widget-container\">\n\t\t\t\t\t<h1 class=\"elementor-heading-title elementor-size-default\">CON UN PIE EN TU NUE<i>V<\/i>O ESP<i>A<\/i>CIO <br>DE TR<i>A<\/i>B<i>A<\/i>JO <\/h1>\t\t\t\t<\/div>\n\t\t\t\t<\/div>\n\t\t\t\t<div class=\"elementor-element elementor-element-f5d5b8a elementor-widget__width-initial elementor-widget elementor-widget-heading\" data-id=\"f5d5b8a\" data-element_type=\"widget\" data-widget_type=\"heading.default\">\n\t\t\t\t<div class=\"elementor-widget-container\">\n\t\t\t\t\t<p class=\"elementor-heading-title elementor-size-default\">Dinos qu\u00e9 est\u00e1s buscando y recibe una selecci\u00f3n de las mejores oficinas  <br>para tu empresa.<\/p>\t\t\t\t<\/div>\n\t\t\t\t<\/div>\n\t\t\t\t<div class=\"elementor-element elementor-element-97f9d5d elementor-icon-list--layout-traditional elementor-list-item-link-full_width elementor-widget elementor-widget-icon-list\" data-id=\"97f9d5d\" data-element_type=\"widget\" data-widget_type=\"icon-list.default\">\n\t\t\t\t<div class=\"elementor-widget-container\">\n\t\t\t\t\t\t\t<ul class=\"elementor-icon-list-items\">\n\t\t\t\t\t\t\t<li class=\"elementor-icon-list-item\">\n\t\t\t\t\t\t\t\t\t\t\t<a href=\"mailto:hola@sitandplug.com\">\n\n\t\t\t\t\t\t\t\t\t\t\t<span class=\"elementor-icon-list-text\">hola@sitandplug.com<\/span>\n\t\t\t\t\t\t\t\t\t\t\t<\/a>\n\t\t\t\t\t\t\t\t\t<\/li>\n\t\t\t\t\t\t\t\t<li class=\"elementor-icon-list-item\">\n\t\t\t\t\t\t\t\t\t\t\t<a href=\"tel:+34%20932%2071%2000%2023\">\n\n\t\t\t\t\t\t\t\t\t\t\t<span class=\"elementor-icon-list-text\">+34 932 71 00 23<\/span>\n\t\t\t\t\t\t\t\t\t\t\t<\/a>\n\t\t\t\t\t\t\t\t\t<\/li>\n\t\t\t\t\t\t<\/ul>\n\t\t\t\t\t\t<\/div>\n\t\t\t\t<\/div>\n\t\t\t\t<div class=\"elementor-element elementor-element-55f3b10 elementor-icon-list--layout-inline elementor-align-start elementor-list-item-link-full_width elementor-widget elementor-widget-icon-list\" data-id=\"55f3b10\" data-element_type=\"widget\" data-widget_type=\"icon-list.default\">\n\t\t\t\t<div class=\"elementor-widget-container\">\n\t\t\t\t\t\t\t<ul class=\"elementor-icon-list-items elementor-inline-items\">\n\t\t\t\t\t\t\t<li class=\"elementor-icon-list-item elementor-inline-item\">\n\t\t\t\t\t\t\t\t\t\t\t<a href=\"https:\/\/www.linkedin.com\/company\/sitandplug\">\n\n\t\t\t\t\t\t\t\t\t\t\t\t<span class=\"elementor-icon-list-icon\">\n\t\t\t\t\t\t\t<svg xmlns=\"http:\/\/www.w3.org\/2000\/svg\" width=\"40\" height=\"40\" viewBox=\"0 0 40 40\" fill=\"none\"><rect width=\"40\" height=\"40\" rx=\"8.33333\" fill=\"#0F0F0F\"><\/rect><path d=\"M14.172 26.5V14.18H16.0024V26.5H14.172ZM18.2894 26.5V17.436H20.0494V18.5624C20.5892 17.7059 21.4574 17.2776 22.6542 17.2776C23.6516 17.2776 24.467 17.6061 25.1006 18.2632C25.746 18.9203 26.0686 19.7416 26.0686 20.7272V26.5H24.3086V21.1496C24.3086 20.4691 24.1092 19.9293 23.7102 19.5304C23.3113 19.1315 22.8009 18.932 22.179 18.932C21.5689 18.932 21.0585 19.1373 20.6478 19.548C20.2489 19.9587 20.0494 20.4925 20.0494 21.1496V26.5H18.2894Z\" fill=\"#F4F4ED\"><\/path><\/svg>\t\t\t\t\t\t<\/span>\n\t\t\t\t\t\t\t\t\t\t<span class=\"elementor-icon-list-text\"><\/span>\n\t\t\t\t\t\t\t\t\t\t\t<\/a>\n\t\t\t\t\t\t\t\t\t<\/li>\n\t\t\t\t\t\t\t\t<li class=\"elementor-icon-list-item elementor-inline-item\">\n\t\t\t\t\t\t\t\t\t\t\t<a href=\"https:\/\/www.instagram.com\/sitandplug\">\n\n\t\t\t\t\t\t\t\t\t\t\t\t<span class=\"elementor-icon-list-icon\">\n\t\t\t\t\t\t\t<svg xmlns=\"http:\/\/www.w3.org\/2000\/svg\" width=\"40\" height=\"40\" viewBox=\"0 0 40 40\" fill=\"none\"><rect width=\"40\" height=\"40\" rx=\"8.33333\" fill=\"#0F0F0F\"><\/rect><path d=\"M13.672 26.5V14.18H15.5024V26.5H13.672ZM21.6262 29.0168C22.471 29.0168 23.1457 28.7763 23.6502 28.2952C24.1548 27.8259 24.407 27.2275 24.407 26.5V25.2856C24.1254 25.6728 23.7089 25.9896 23.1574 26.236C22.6177 26.4824 22.031 26.6056 21.3974 26.6056C20.142 26.6056 19.0918 26.1715 18.247 25.3032C17.414 24.4349 16.9974 23.3203 16.9974 21.9592C16.9974 20.5395 17.414 19.4072 18.247 18.5624C19.0918 17.7059 20.142 17.2776 21.3974 17.2776C22.0076 17.2776 22.5884 17.4067 23.1398 17.6648C23.6913 17.9112 24.1137 18.228 24.407 18.6152V17.436H26.167V26.412C26.167 27.6088 25.7505 28.6179 24.9174 29.4392C24.0961 30.2723 22.999 30.6888 21.6262 30.6888C20.5468 30.6888 19.6492 30.4248 18.9334 29.8968C18.2177 29.3688 17.7249 28.7469 17.455 28.0312L18.951 27.2568C19.127 27.7613 19.4497 28.1779 19.919 28.5064C20.3884 28.8467 20.9574 29.0168 21.6262 29.0168ZM18.775 21.9592C18.775 22.8157 19.0332 23.5373 19.5494 24.124C20.0657 24.6989 20.7521 24.9864 21.6086 24.9864C22.4534 24.9864 23.134 24.6989 23.6502 24.124C24.1782 23.5373 24.4422 22.8157 24.4422 21.9592C24.4422 21.1027 24.1782 20.3811 23.6502 19.7944C23.134 19.2077 22.4534 18.9144 21.6086 18.9144C20.7521 18.9144 20.0657 19.2077 19.5494 19.7944C19.0332 20.3693 18.775 21.0909 18.775 21.9592Z\" fill=\"#F4F4ED\"><\/path><\/svg>\t\t\t\t\t\t<\/span>\n\t\t\t\t\t\t\t\t\t\t<span class=\"elementor-icon-list-text\"><\/span>\n\t\t\t\t\t\t\t\t\t\t\t<\/a>\n\t\t\t\t\t\t\t\t\t<\/li>\n\t\t\t\t\t\t\t\t<li class=\"elementor-icon-list-item elementor-inline-item\">\n\t\t\t\t\t\t\t\t\t\t\t<a href=\"https:\/\/www.facebook.com\/sitandplug\">\n\n\t\t\t\t\t\t\t\t\t\t\t\t<span class=\"elementor-icon-list-icon\">\n\t\t\t\t\t\t\t<svg xmlns=\"http:\/\/www.w3.org\/2000\/svg\" width=\"40\" height=\"40\" viewBox=\"0 0 40 40\" fill=\"none\"><rect width=\"40\" height=\"40\" rx=\"8.33333\" fill=\"#0F0F0F\"><\/rect><path d=\"M14.352 26.5L18.4176 20.2168L14.4752 14.18H16.6048L19.632 18.932L22.6592 14.18H24.7888L20.8464 20.2168L24.912 26.5H22.7824L19.632 21.6072L16.4816 26.5H14.352Z\" fill=\"#F4F4ED\"><\/path><\/svg>\t\t\t\t\t\t<\/span>\n\t\t\t\t\t\t\t\t\t\t<span class=\"elementor-icon-list-text\"><\/span>\n\t\t\t\t\t\t\t\t\t\t\t<\/a>\n\t\t\t\t\t\t\t\t\t<\/li>\n\t\t\t\t\t\t<\/ul>\n\t\t\t\t\t\t<\/div>\n\t\t\t\t<\/div>\n\t\t\t\t<\/div>\n\t\t<div class=\"elementor-element elementor-element-37469f6 e-con-full e-flex e-con e-child\" data-id=\"37469f6\" data-element_type=\"container\" data-settings=\"{&quot;background_background&quot;:&quot;classic&quot;}\">\n\t\t\t\t<div class=\"elementor-element elementor-element-a0f6d71 elementor-button-align-center contact-page-form elementor-widget elementor-widget-form\" data-id=\"a0f6d71\" data-element_type=\"widget\" data-settings=\"{&quot;step_next_label&quot;:&quot;Siguiente&quot;,&quot;step_previous_label&quot;:&quot;Anterior&quot;,&quot;button_width&quot;:&quot;100&quot;,&quot;step_type&quot;:&quot;number_text&quot;,&quot;step_icon_shape&quot;:&quot;circle&quot;}\" data-widget_type=\"form.default\">\n\t\t\t\t<div class=\"elementor-widget-container\">\n\t\t\t\t\t\t\t<form class=\"elementor-form\" method=\"post\" name=\"Contact Form\" aria-label=\"Contact Form\">\n\t\t\t<input type=\"hidden\" name=\"post_id\" value=\"7475\"\/>\n\t\t\t<input type=\"hidden\" name=\"form_id\" value=\"a0f6d71\"\/>\n\t\t\t<input type=\"hidden\" name=\"referer_title\" value=\"Contacta- Sit&amp;Plug\" \/>\n\n\t\t\t\t\t\t\t<input type=\"hidden\" name=\"queried_id\" value=\"7475\"\/>\n\t\t\t\n\t\t\t<div class=\"elementor-form-fields-wrapper elementor-labels-above\">\n\t\t\t\t\t\t\t\t<div class=\"elementor-field-type-text elementor-field-group elementor-column elementor-field-group-nameContactForm elementor-col-100 elementor-field-required\">\n\t\t\t\t\t\t\t\t\t\t\t\t<label for=\"form-field-nameContactForm\" class=\"elementor-field-label\">\n\t\t\t\t\t\t\t\tNombre y apellidos\t\t\t\t\t\t\t<\/label>\n\t\t\t\t\t\t\t\t\t\t\t\t\t\t<input size=\"1\" type=\"text\" name=\"form_fields[nameContactForm]\" id=\"form-field-nameContactForm\" class=\"elementor-field elementor-size-sm  elementor-field-textual\" required=\"required\">\n\t\t\t\t\t\t\t\t\t\t\t<\/div>\n\t\t\t\t\t\t\t\t<div class=\"elementor-field-type-email elementor-field-group elementor-column elementor-field-group-contactEmail elementor-col-100 elementor-field-required\">\n\t\t\t\t\t\t\t\t\t\t\t\t<label for=\"form-field-contactEmail\" class=\"elementor-field-label\">\n\t\t\t\t\t\t\t\tCorreo electr\u00f3nico\t\t\t\t\t\t\t<\/label>\n\t\t\t\t\t\t\t\t\t\t\t\t\t\t<input size=\"1\" type=\"email\" name=\"form_fields[contactEmail]\" id=\"form-field-contactEmail\" class=\"elementor-field elementor-size-sm  elementor-field-textual\" required=\"required\">\n\t\t\t\t\t\t\t\t\t\t\t<\/div>\n\t\t\t\t\t\t\t\t<div class=\"elementor-field-type-tel elementor-field-group elementor-column elementor-field-group-contactTel elementor-col-50 elementor-field-required\">\n\t\t\t\t\t\t\t\t\t\t\t\t<label for=\"form-field-contactTel\" class=\"elementor-field-label\">\n\t\t\t\t\t\t\t\tTel\u00e9fono de contacto\t\t\t\t\t\t\t<\/label>\n\t\t\t\t\t\t\t\t<input size=\"1\" type=\"tel\" name=\"form_fields[contactTel]\" id=\"form-field-contactTel\" class=\"elementor-field elementor-size-sm  elementor-field-textual\" required=\"required\" pattern=\"[0-9()#&amp;+*-=.]+\" title=\"Solo se aceptan n\u00fameros y caracteres de tel\u00e9fono (#,-,*,etc).\">\n\n\t\t\t\t\t\t<\/div>\n\t\t\t\t\t\t\t\t<div class=\"elementor-field-type-text elementor-field-group elementor-column elementor-field-group-companyContactForm elementor-col-50\">\n\t\t\t\t\t\t\t\t\t\t\t\t<label for=\"form-field-companyContactForm\" class=\"elementor-field-label\">\n\t\t\t\t\t\t\t\tEmpresa\t\t\t\t\t\t\t<\/label>\n\t\t\t\t\t\t\t\t\t\t\t\t\t\t<input size=\"1\" type=\"text\" name=\"form_fields[companyContactForm]\" id=\"form-field-companyContactForm\" class=\"elementor-field elementor-size-sm  elementor-field-textual\">\n\t\t\t\t\t\t\t\t\t\t\t<\/div>\n\t\t\t\t\t\t\t\t<div class=\"elementor-field-type-textarea elementor-field-group elementor-column elementor-field-group-messageContactForm elementor-col-100\">\n\t\t\t\t\t\t\t\t\t\t\t\t<label for=\"form-field-messageContactForm\" class=\"elementor-field-label\">\n\t\t\t\t\t\t\t\t\u00bfEn qu\u00e9 podemos ayudarte?\t\t\t\t\t\t\t<\/label>\n\t\t\t\t\t\t<textarea class=\"elementor-field-textual elementor-field  elementor-size-sm\" name=\"form_fields[messageContactForm]\" id=\"form-field-messageContactForm\" rows=\"4\"><\/textarea>\t\t\t\t<\/div>\n\t\t\t\t\t\t\t\t<div class=\"elementor-field-type-acceptance elementor-field-group elementor-column elementor-field-group-privacyContactForm elementor-col-100 elementor-field-required\">\n\t\t\t\t\t\t\t<div class=\"elementor-field-subgroup\">\n\t\t\t<span class=\"elementor-field-option\">\n\t\t\t\t<input type=\"checkbox\" name=\"form_fields[privacyContactForm]\" id=\"form-field-privacyContactForm\" class=\"elementor-field elementor-size-sm  elementor-acceptance-field\" required=\"required\">\n\t\t\t\t<label for=\"form-field-privacyContactForm\">He le\u00eddo y acepto el procesamiento, el tratamiento y la transferencia de mis datos personales conforme a lo dispuesto en la <a href=\"\/blog\/politica-de-privacidad\"\">Pol\u00edtica de Privacidad.<\/a><\/label>\t\t\t<\/span>\n\t\t<\/div>\n\t\t\t\t\t\t<\/div>\n\t\t\t\t\t\t\t\t<div class=\"elementor-field-type-recaptcha_v3 elementor-field-group elementor-column elementor-field-group-recaptchaContactForm elementor-col-100 recaptcha_v3-bottomright\">\n\t\t\t\t\t<div class=\"elementor-field\" id=\"form-field-recaptchaContactForm\"><div class=\"elementor-g-recaptcha\" data-sitekey=\"6LdsOe0oAAAAAHxhdGHiSjGFYac8WWppYZKMrSLe\" data-type=\"v3\" data-action=\"Form\" data-badge=\"bottomright\" data-size=\"invisible\"><\/div><\/div>\t\t\t\t<\/div>\n\t\t\t\t\t\t\t\t<div class=\"elementor-field-group elementor-column elementor-field-type-submit elementor-col-100 e-form__buttons\">\n\t\t\t\t\t<button class=\"elementor-button elementor-size-sm\" type=\"submit\" id=\"btnContactForm\">\n\t\t\t\t\t\t<span class=\"elementor-button-content-wrapper\">\n\t\t\t\t\t\t\t\t\t\t\t\t\t\t\t\t\t\t\t\t\t\t<span class=\"elementor-button-text\">Contactar<\/span>\n\t\t\t\t\t\t\t\t\t\t\t\t\t<\/span>\n\t\t\t\t\t<\/button>\n\t\t\t\t<\/div>\n\t\t\t<\/div>\n\t\t<\/form>\n\t\t\t\t\t\t<\/div>\n\t\t\t\t<\/div>\n\t\t\t\t<\/div>\n\t\t\t\t\t<\/div>\n\t\t\t\t<\/div>\n\t\t\t\t<\/div>\n\t\t","protected":false},"excerpt":{"rendered":"<p>CON UN PIE EN TU NUEVO ESPACIO DE TRABAJO Dinos qu\u00e9 est\u00e1s buscando y recibe una selecci\u00f3n de las mejores oficinas para tu empresa. hola@sitandplug.com +34 932 71 00 23<\/p>\n","protected":false},"author":14,"featured_media":0,"parent":0,"menu_order":0,"comment_status":"closed","ping_status":"closed","template":"","meta":{"_acf_changed":false,"inline_featured_image":false,"footnotes":""},"class_list":["post-7475","page","type-page","status-publish","hentry"],"acf":[],"yoast_head":"<!-- This site is optimized with the Yoast SEO plugin v27.3 - https:\/\/yoast.com\/product\/yoast-seo-wordpress\/ -->\n<title>Contacta- Sit&amp;Plug<\/title>\n<meta name=\"description\" content=\"CON UN PIE EN TU NUEVO ESPACIO DE TRABAJO Dinos qu\u00e9 est\u00e1s buscando y recibe una selecci\u00f3n de las mejores oficinas para tu empresa. hola@sitandplug.com +34\" \/>\n<meta name=\"robots\" content=\"index, follow, max-snippet:-1, max-image-preview:large, max-video-preview:-1\" \/>\n<link rel=\"canonical\" href=\"https:\/\/sitandplug.com\/blog\/contact\/\" \/>\n<meta property=\"og:locale\" content=\"es_ES\" \/>\n<meta property=\"og:type\" content=\"article\" \/>\n<meta property=\"og:title\" content=\"Contacta- Sit&amp;Plug\" \/>\n<meta property=\"og:description\" content=\"CON UN PIE EN TU NUEVO ESPACIO DE TRABAJO Dinos qu\u00e9 est\u00e1s buscando y recibe una selecci\u00f3n de las mejores oficinas para tu empresa. hola@sitandplug.com +34\" \/>\n<meta property=\"og:url\" content=\"https:\/\/sitandplug.com\/blog\/contact\/\" \/>\n<meta property=\"og:site_name\" content=\"Sit&amp;Plug\" \/>\n<meta property=\"article:modified_time\" content=\"2025-12-23T16:23:54+00:00\" \/>\n<meta name=\"twitter:card\" content=\"summary_large_image\" \/>\n<meta name=\"twitter:label1\" content=\"Tiempo de lectura\" \/>\n\t<meta name=\"twitter:data1\" content=\"1 minuto\" \/>\n<script type=\"application\/ld+json\" class=\"yoast-schema-graph\">{\"@context\":\"https:\\\/\\\/schema.org\",\"@graph\":[{\"@type\":\"WebPage\",\"@id\":\"https:\\\/\\\/sitandplug.com\\\/blog\\\/contact\\\/\",\"url\":\"https:\\\/\\\/sitandplug.com\\\/blog\\\/contact\\\/\",\"name\":\"Contacta- Sit&amp;Plug\",\"isPartOf\":{\"@id\":\"https:\\\/\\\/sitandplug.com\\\/blog\\\/#website\"},\"datePublished\":\"2025-09-16T14:50:43+00:00\",\"dateModified\":\"2025-12-23T16:23:54+00:00\",\"description\":\"CON UN PIE EN TU NUEVO ESPACIO DE TRABAJO Dinos qu\u00e9 est\u00e1s buscando y recibe una selecci\u00f3n de las mejores oficinas para tu empresa. hola@sitandplug.com +34\",\"breadcrumb\":{\"@id\":\"https:\\\/\\\/sitandplug.com\\\/blog\\\/contact\\\/#breadcrumb\"},\"inLanguage\":\"es\",\"potentialAction\":[{\"@type\":\"ReadAction\",\"target\":[\"https:\\\/\\\/sitandplug.com\\\/blog\\\/contact\\\/\"]}]},{\"@type\":\"BreadcrumbList\",\"@id\":\"https:\\\/\\\/sitandplug.com\\\/blog\\\/contact\\\/#breadcrumb\",\"itemListElement\":[{\"@type\":\"ListItem\",\"position\":1,\"name\":\"Home\",\"item\":\"https:\\\/\\\/sitandplug.com\\\/blog\\\/\"},{\"@type\":\"ListItem\",\"position\":2,\"name\":\"Contacta\"}]},{\"@type\":\"WebSite\",\"@id\":\"https:\\\/\\\/sitandplug.com\\\/blog\\\/#website\",\"url\":\"https:\\\/\\\/sitandplug.com\\\/blog\\\/\",\"name\":\"Sit&amp;Plug\",\"description\":\"Your office everywhere\",\"publisher\":{\"@id\":\"https:\\\/\\\/sitandplug.com\\\/blog\\\/#organization\"},\"potentialAction\":[{\"@type\":\"SearchAction\",\"target\":{\"@type\":\"EntryPoint\",\"urlTemplate\":\"https:\\\/\\\/sitandplug.com\\\/blog\\\/?s={search_term_string}\"},\"query-input\":{\"@type\":\"PropertyValueSpecification\",\"valueRequired\":true,\"valueName\":\"search_term_string\"}}],\"inLanguage\":\"es\"},{\"@type\":\"Organization\",\"@id\":\"https:\\\/\\\/sitandplug.com\\\/blog\\\/#organization\",\"name\":\"Sit&amp;Plug\",\"url\":\"https:\\\/\\\/sitandplug.com\\\/blog\\\/\",\"logo\":{\"@type\":\"ImageObject\",\"inLanguage\":\"es\",\"@id\":\"https:\\\/\\\/sitandplug.com\\\/blog\\\/#\\\/schema\\\/logo\\\/image\\\/\",\"url\":\"https:\\\/\\\/sitandplug.com\\\/blog\\\/wp-content\\\/uploads\\\/2025\\\/09\\\/logo-black.svg\",\"contentUrl\":\"https:\\\/\\\/sitandplug.com\\\/blog\\\/wp-content\\\/uploads\\\/2025\\\/09\\\/logo-black.svg\",\"width\":158,\"height\":40,\"caption\":\"Sit&amp;Plug\"},\"image\":{\"@id\":\"https:\\\/\\\/sitandplug.com\\\/blog\\\/#\\\/schema\\\/logo\\\/image\\\/\"}}]}<\/script>\n<!-- \/ Yoast SEO plugin. -->","yoast_head_json":{"title":"Contacta- Sit&amp;Plug","description":"CON UN PIE EN TU NUEVO ESPACIO DE TRABAJO Dinos qu\u00e9 est\u00e1s buscando y recibe una selecci\u00f3n de las mejores oficinas para tu empresa. hola@sitandplug.com +34","robots":{"index":"index","follow":"follow","max-snippet":"max-snippet:-1","max-image-preview":"max-image-preview:large","max-video-preview":"max-video-preview:-1"},"canonical":"https:\/\/sitandplug.com\/blog\/contact\/","og_locale":"es_ES","og_type":"article","og_title":"Contacta- Sit&amp;Plug","og_description":"CON UN PIE EN TU NUEVO ESPACIO DE TRABAJO Dinos qu\u00e9 est\u00e1s buscando y recibe una selecci\u00f3n de las mejores oficinas para tu empresa. hola@sitandplug.com +34","og_url":"https:\/\/sitandplug.com\/blog\/contact\/","og_site_name":"Sit&amp;Plug","article_modified_time":"2025-12-23T16:23:54+00:00","twitter_card":"summary_large_image","twitter_misc":{"Tiempo de lectura":"1 minuto"},"schema":{"@context":"https:\/\/schema.org","@graph":[{"@type":"WebPage","@id":"https:\/\/sitandplug.com\/blog\/contact\/","url":"https:\/\/sitandplug.com\/blog\/contact\/","name":"Contacta- Sit&amp;Plug","isPartOf":{"@id":"https:\/\/sitandplug.com\/blog\/#website"},"datePublished":"2025-09-16T14:50:43+00:00","dateModified":"2025-12-23T16:23:54+00:00","description":"CON UN PIE EN TU NUEVO ESPACIO DE TRABAJO Dinos qu\u00e9 est\u00e1s buscando y recibe una selecci\u00f3n de las mejores oficinas para tu empresa. hola@sitandplug.com +34","breadcrumb":{"@id":"https:\/\/sitandplug.com\/blog\/contact\/#breadcrumb"},"inLanguage":"es","potentialAction":[{"@type":"ReadAction","target":["https:\/\/sitandplug.com\/blog\/contact\/"]}]},{"@type":"BreadcrumbList","@id":"https:\/\/sitandplug.com\/blog\/contact\/#breadcrumb","itemListElement":[{"@type":"ListItem","position":1,"name":"Home","item":"https:\/\/sitandplug.com\/blog\/"},{"@type":"ListItem","position":2,"name":"Contacta"}]},{"@type":"WebSite","@id":"https:\/\/sitandplug.com\/blog\/#website","url":"https:\/\/sitandplug.com\/blog\/","name":"Sit&amp;Plug","description":"Your office everywhere","publisher":{"@id":"https:\/\/sitandplug.com\/blog\/#organization"},"potentialAction":[{"@type":"SearchAction","target":{"@type":"EntryPoint","urlTemplate":"https:\/\/sitandplug.com\/blog\/?s={search_term_string}"},"query-input":{"@type":"PropertyValueSpecification","valueRequired":true,"valueName":"search_term_string"}}],"inLanguage":"es"},{"@type":"Organization","@id":"https:\/\/sitandplug.com\/blog\/#organization","name":"Sit&amp;Plug","url":"https:\/\/sitandplug.com\/blog\/","logo":{"@type":"ImageObject","inLanguage":"es","@id":"https:\/\/sitandplug.com\/blog\/#\/schema\/logo\/image\/","url":"https:\/\/sitandplug.com\/blog\/wp-content\/uploads\/2025\/09\/logo-black.svg","contentUrl":"https:\/\/sitandplug.com\/blog\/wp-content\/uploads\/2025\/09\/logo-black.svg","width":158,"height":40,"caption":"Sit&amp;Plug"},"image":{"@id":"https:\/\/sitandplug.com\/blog\/#\/schema\/logo\/image\/"}}]}},"_links":{"self":[{"href":"https:\/\/sitandplug.com\/blog\/wp-json\/wp\/v2\/pages\/7475","targetHints":{"allow":["GET"]}}],"collection":[{"href":"https:\/\/sitandplug.com\/blog\/wp-json\/wp\/v2\/pages"}],"about":[{"href":"https:\/\/sitandplug.com\/blog\/wp-json\/wp\/v2\/types\/page"}],"author":[{"embeddable":true,"href":"https:\/\/sitandplug.com\/blog\/wp-json\/wp\/v2\/users\/14"}],"replies":[{"embeddable":true,"href":"https:\/\/sitandplug.com\/blog\/wp-json\/wp\/v2\/comments?post=7475"}],"version-history":[{"count":80,"href":"https:\/\/sitandplug.com\/blog\/wp-json\/wp\/v2\/pages\/7475\/revisions"}],"predecessor-version":[{"id":10208,"href":"https:\/\/sitandplug.com\/blog\/wp-json\/wp\/v2\/pages\/7475\/revisions\/10208"}],"wp:attachment":[{"href":"https:\/\/sitandplug.com\/blog\/wp-json\/wp\/v2\/media?parent=7475"}],"curies":[{"name":"wp","href":"https:\/\/api.w.org\/{rel}","templated":true}]}}