{"id":7535,"date":"2025-09-16T17:03:10","date_gmt":"2025-09-16T16:03:10","guid":{"rendered":"https:\/\/sitandplug.com\/blog\/?page_id=7535"},"modified":"2025-12-11T16:23:49","modified_gmt":"2025-12-11T15:23:49","slug":"politica-de-cookies","status":"publish","type":"page","link":"https:\/\/sitandplug.com\/blog\/politica-de-cookies\/","title":{"rendered":"Pol\u00edtica de cookies"},"content":{"rendered":"\t\t<div data-elementor-type=\"wp-page\" data-elementor-id=\"7535\" class=\"elementor elementor-7535\" data-elementor-post-type=\"page\">\n\t\t\t\t<div class=\"elementor-element elementor-element-a8efd1f e-flex e-con-boxed e-con e-parent\" data-id=\"a8efd1f\" data-element_type=\"container\">\n\t\t\t\t\t<div class=\"e-con-inner\">\n\t\t<div class=\"elementor-element elementor-element-f068478 e-con-full e-flex e-con e-child\" data-id=\"f068478\" data-element_type=\"container\">\n\t\t\t\t<div class=\"elementor-element elementor-element-673cc07 elementor-widget elementor-widget-heading\" data-id=\"673cc07\" data-element_type=\"widget\" data-widget_type=\"heading.default\">\n\t\t\t\t<div class=\"elementor-widget-container\">\n\t\t\t\t\t<h1 class=\"elementor-heading-title elementor-size-default\">Pol\u00edtica de cookies<\/h1>\t\t\t\t<\/div>\n\t\t\t\t<\/div>\n\t\t\t\t<div class=\"elementor-element elementor-element-a82ce87 elementor-widget__width-initial elementor-widget elementor-widget-heading\" data-id=\"a82ce87\" data-element_type=\"widget\" data-widget_type=\"heading.default\">\n\t\t\t\t<div class=\"elementor-widget-container\">\n\t\t\t\t\t<p class=\"elementor-heading-title elementor-size-default\">Usamos cookies para mejorar tu experiencia. Para que todo siga siendo sencillo.\u00a0<\/p>\t\t\t\t<\/div>\n\t\t\t\t<\/div>\n\t\t\t\t<div class=\"elementor-element elementor-element-cde2240 elementor-widget elementor-widget-image\" data-id=\"cde2240\" data-element_type=\"widget\" data-widget_type=\"image.default\">\n\t\t\t\t<div class=\"elementor-widget-container\">\n\t\t\t\t\t\t\t\t\t\t\t\t\t\t\t<img fetchpriority=\"high\" decoding=\"async\" width=\"1046\" height=\"539\" src=\"https:\/\/sitandplug.com\/blog\/wp-content\/uploads\/2025\/09\/sitandplug-soccer-drawing.png\" class=\"attachment-full_hd size-full_hd wp-image-7505\" alt=\"\" srcset=\"https:\/\/sitandplug.com\/blog\/wp-content\/uploads\/2025\/09\/sitandplug-soccer-drawing.png 1046w, https:\/\/sitandplug.com\/blog\/wp-content\/uploads\/2025\/09\/sitandplug-soccer-drawing-300x155.png 300w, https:\/\/sitandplug.com\/blog\/wp-content\/uploads\/2025\/09\/sitandplug-soccer-drawing-1024x528.png 1024w, https:\/\/sitandplug.com\/blog\/wp-content\/uploads\/2025\/09\/sitandplug-soccer-drawing-768x396.png 768w, https:\/\/sitandplug.com\/blog\/wp-content\/uploads\/2025\/09\/sitandplug-soccer-drawing-180x93.png 180w, https:\/\/sitandplug.com\/blog\/wp-content\/uploads\/2025\/09\/sitandplug-soccer-drawing-360x186.png 360w, https:\/\/sitandplug.com\/blog\/wp-content\/uploads\/2025\/09\/sitandplug-soccer-drawing-640x330.png 640w\" sizes=\"(max-width: 1046px) 100vw, 1046px\" \/>\t\t\t\t\t\t\t\t\t\t\t\t\t\t\t<\/div>\n\t\t\t\t<\/div>\n\t\t\t\t<\/div>\n\t\t<div class=\"elementor-element elementor-element-585b1e7 e-con-full e-flex e-con e-child\" data-id=\"585b1e7\" data-element_type=\"container\">\n\t\t\t\t<div class=\"elementor-element elementor-element-846b1d6 elementor-widget elementor-widget-text-editor\" data-id=\"846b1d6\" data-element_type=\"widget\" data-widget_type=\"text-editor.default\">\n\t\t\t\t<div class=\"elementor-widget-container\">\n\t\t\t\t\t\t\t\t\tLa empresa <strong>Sitandplug<\/strong>\u00a0se ha comprometido a hacer accesible su sitio web de conformidad con el Real Decreto 1112\/2018, de 7 de septiembre, sobre accesibilidad de los sitios web y aplicaciones para dispositivos m\u00f3viles del sector p\u00fablico, o desarrollos financiados desde Europa.\n\nLa presente declaraci\u00f3n de accesibilidad se aplica al sitio web <strong>www.sitandplug.com<\/strong><span style=\"color: #ff0000;\"><strong>\u00a0<\/strong><\/span>excluyendo los contenidos incrustados provenientes de otros dominios.\n\n<strong>Situaci\u00f3n de cumplimiento<\/strong>\n\nEste sitio web es Parcialmente conforme con el RD 1112\/2018 debido a la falta de conformidad de los aspectos que se indican a continuaci\u00f3n.\n\n<strong>Contenido no accesible<\/strong>\n\nEl contenido que se recoge a continuaci\u00f3n no es accesible por los siguientes motivos:\n<ul>\n \t<li>Falta de conformidad:<\/li>\n \t<li>Pueden existir algunas im\u00e1genes cuya alternativa no est\u00e9 implementada o no sea correcta &#8211; \u2013 Requisito 9.1.1.1 Contenido no textual UNE-EN 301549:2022<\/li>\n \t<li>En los formularios, puede haber campos que no se hayan facilitado su rellenado a trav\u00e9s de sistemas autom\u00e1ticos \u2013 Requisito 9.1.3.5 Identificar el prop\u00f3sito de la entrada UNE-EN 301549:2022<\/li>\n \t<li>Puede haber elementos cuyo contraste no sea el suficiente en algunas p\u00e1ginas \u2013 Requisito 9.1.4.3 Contraste UNE-EN 301549:2020<\/li>\n \t<li>Puede haber campos de formulario donde su etiqueta no sea correcta o no exista \u2013 Requisito n\u00famero 9.3.3.2 Etiquetas o instrucciones de UNE-EN 301549:2022<\/li>\n \t<li>Pueden existir algunos errores de parseo en el c\u00f3digo &#8211; Requisito n\u00famero 9.4.1.1 Procesamiento de UNE-EN 301549:2022<\/li>\n \t<li>Podr\u00edan existir fallos puntuales de edici\u00f3n en alguna p\u00e1gina web.<\/li>\n \t<li>Carga desproporcionada: No resulta aplicable.<\/li>\n \t<li>El contenido no entra dentro del \u00e1mbito de la legislaci\u00f3n aplicable.\nPodr\u00edan existir archivos ofim\u00e1ticos en PDF u otros formatos publicados antes del 20 de septiembre de 2018 que no cumplan en su totalidad todos los requisitos de accesibilidad.\nPuede haber contenidos de terceros que no est\u00e9n desarrollados en esta Unidad, ni bajo su control, como archivos ofim\u00e1ticos de diferentes organismos que deban publicarse en este sitio.<\/li>\n<\/ul>\n<strong>Observaciones y datos de contacto<\/strong>\n<ul>\n \t<li>Puede realizar comunicaciones sobre requisitos de accesibilidad [art\u00edculo 10.2.a) del RD 1112\/2018] como, por ejemplo:\nInformar sobre cualquier posible incumplimiento por parte de este sitio web.<\/li>\n \t<li>Transmitir otras dificultades de acceso al contenido.<\/li>\n \t<li>Formular cualquier otra consulta o sugerencia de mejora relativa a la accesibilidad del sitio web a trav\u00e9s del siguiente email: <strong>legal@sitandplug.com<\/strong> o llamando al tel\u00e9fono <strong>932 71 00 23<\/strong>\u00a0de 9 a 14 horas de lunes a viernes.<\/li>\n<\/ul>\n<strong>Puede presentar:<\/strong>\n<ul>\n \t<li>Una queja relativa al cumplimiento de los requisitos del RD 1112\/2018<\/li>\n \t<li>Una solicitud de informaci\u00f3n accesible relativa a:\n<ul>\n \t<li>Contenidos que est\u00e1n excluidos del \u00e1mbito de aplicaci\u00f3n del RD 1112\/2018 seg\u00fan lo establecido por el art\u00edculo 3, apartado 4.<\/li>\n \t<li>Contenidos que est\u00e1n exentos del cumplimiento de los requisitos de accesibilidad por imponer una carga desproporcionada.<\/li>\n<\/ul>\n<\/li>\n<\/ul>\nEn la solicitud de informaci\u00f3n accesible, se debe concretar, con toda claridad, los hechos, razones y petici\u00f3n que permitan constatar que se trata de una solicitud razonable y leg\u00edtima.\t\t\t\t\t\t\t\t<\/div>\n\t\t\t\t<\/div>\n\t\t\t\t<\/div>\n\t\t\t\t\t<\/div>\n\t\t\t\t<\/div>\n\t\t\t\t<\/div>\n\t\t","protected":false},"excerpt":{"rendered":"<p>Pol\u00edtica de cookies Usamos cookies para mejorar tu experiencia. Para que todo siga siendo sencillo.\u00a0 La empresa Sitandplug\u00a0se ha comprometido a hacer accesible su sitio web de conformidad con el Real Decreto 1112\/2018, de 7 de septiembre, sobre accesibilidad de los sitios web y aplicaciones para dispositivos m\u00f3viles del sector p\u00fablico, o desarrollos financiados desde [&hellip;]<\/p>\n","protected":false},"author":14,"featured_media":0,"parent":0,"menu_order":105,"comment_status":"closed","ping_status":"closed","template":"","meta":{"_acf_changed":false,"inline_featured_image":false,"footnotes":""},"class_list":["post-7535","page","type-page","status-publish","hentry"],"acf":[],"yoast_head":"<!-- This site is optimized with the Yoast SEO plugin v27.3 - https:\/\/yoast.com\/product\/yoast-seo-wordpress\/ -->\n<title>Pol\u00edtica de cookies- Sit&amp;Plug<\/title>\n<meta name=\"description\" content=\"Pol\u00edtica de cookies Usamos cookies para mejorar tu experiencia. Para que todo siga siendo sencillo.\u00a0 La empresa Sitandplug\u00a0se ha comprometido a hacer\" \/>\n<meta name=\"robots\" content=\"noindex, follow\" \/>\n<meta property=\"og:locale\" content=\"es_ES\" \/>\n<meta property=\"og:type\" content=\"article\" \/>\n<meta property=\"og:title\" content=\"Pol\u00edtica de cookies- Sit&amp;Plug\" \/>\n<meta property=\"og:description\" content=\"Pol\u00edtica de cookies Usamos cookies para mejorar tu experiencia. Para que todo siga siendo sencillo.\u00a0 La empresa Sitandplug\u00a0se ha comprometido a hacer\" \/>\n<meta property=\"og:url\" content=\"https:\/\/sitandplug.com\/blog\/politica-de-cookies\/\" \/>\n<meta property=\"og:site_name\" content=\"Sit&amp;Plug\" \/>\n<meta property=\"article:modified_time\" content=\"2025-12-11T15:23:49+00:00\" \/>\n<meta property=\"og:image\" content=\"https:\/\/sitandplug.com\/blog\/wp-content\/uploads\/2025\/09\/sitandplug-soccer-drawing.png\" \/>\n\t<meta property=\"og:image:width\" content=\"1046\" \/>\n\t<meta property=\"og:image:height\" content=\"539\" \/>\n\t<meta property=\"og:image:type\" content=\"image\/png\" \/>\n<meta name=\"twitter:card\" content=\"summary_large_image\" \/>\n<meta name=\"twitter:label1\" content=\"Tiempo de lectura\" \/>\n\t<meta name=\"twitter:data1\" content=\"3 minutos\" \/>\n<script type=\"application\/ld+json\" class=\"yoast-schema-graph\">{\"@context\":\"https:\\\/\\\/schema.org\",\"@graph\":[{\"@type\":\"WebPage\",\"@id\":\"https:\\\/\\\/sitandplug.com\\\/blog\\\/politica-de-cookies\\\/\",\"url\":\"https:\\\/\\\/sitandplug.com\\\/blog\\\/politica-de-cookies\\\/\",\"name\":\"Pol\u00edtica de cookies- Sit&amp;Plug\",\"isPartOf\":{\"@id\":\"https:\\\/\\\/sitandplug.com\\\/blog\\\/#website\"},\"primaryImageOfPage\":{\"@id\":\"https:\\\/\\\/sitandplug.com\\\/blog\\\/politica-de-cookies\\\/#primaryimage\"},\"image\":{\"@id\":\"https:\\\/\\\/sitandplug.com\\\/blog\\\/politica-de-cookies\\\/#primaryimage\"},\"thumbnailUrl\":\"https:\\\/\\\/sitandplug.com\\\/blog\\\/wp-content\\\/uploads\\\/2025\\\/09\\\/sitandplug-soccer-drawing.png\",\"datePublished\":\"2025-09-16T16:03:10+00:00\",\"dateModified\":\"2025-12-11T15:23:49+00:00\",\"description\":\"Pol\u00edtica de cookies Usamos cookies para mejorar tu experiencia. Para que todo siga siendo sencillo.\u00a0 La empresa Sitandplug\u00a0se ha comprometido a hacer\",\"breadcrumb\":{\"@id\":\"https:\\\/\\\/sitandplug.com\\\/blog\\\/politica-de-cookies\\\/#breadcrumb\"},\"inLanguage\":\"es\",\"potentialAction\":[{\"@type\":\"ReadAction\",\"target\":[\"https:\\\/\\\/sitandplug.com\\\/blog\\\/politica-de-cookies\\\/\"]}]},{\"@type\":\"ImageObject\",\"inLanguage\":\"es\",\"@id\":\"https:\\\/\\\/sitandplug.com\\\/blog\\\/politica-de-cookies\\\/#primaryimage\",\"url\":\"https:\\\/\\\/sitandplug.com\\\/blog\\\/wp-content\\\/uploads\\\/2025\\\/09\\\/sitandplug-soccer-drawing.png\",\"contentUrl\":\"https:\\\/\\\/sitandplug.com\\\/blog\\\/wp-content\\\/uploads\\\/2025\\\/09\\\/sitandplug-soccer-drawing.png\",\"width\":1046,\"height\":539},{\"@type\":\"BreadcrumbList\",\"@id\":\"https:\\\/\\\/sitandplug.com\\\/blog\\\/politica-de-cookies\\\/#breadcrumb\",\"itemListElement\":[{\"@type\":\"ListItem\",\"position\":1,\"name\":\"Home\",\"item\":\"https:\\\/\\\/sitandplug.com\\\/blog\\\/\"},{\"@type\":\"ListItem\",\"position\":2,\"name\":\"Pol\u00edtica de cookies\"}]},{\"@type\":\"WebSite\",\"@id\":\"https:\\\/\\\/sitandplug.com\\\/blog\\\/#website\",\"url\":\"https:\\\/\\\/sitandplug.com\\\/blog\\\/\",\"name\":\"Sit&amp;Plug\",\"description\":\"Your office everywhere\",\"publisher\":{\"@id\":\"https:\\\/\\\/sitandplug.com\\\/blog\\\/#organization\"},\"potentialAction\":[{\"@type\":\"SearchAction\",\"target\":{\"@type\":\"EntryPoint\",\"urlTemplate\":\"https:\\\/\\\/sitandplug.com\\\/blog\\\/?s={search_term_string}\"},\"query-input\":{\"@type\":\"PropertyValueSpecification\",\"valueRequired\":true,\"valueName\":\"search_term_string\"}}],\"inLanguage\":\"es\"},{\"@type\":\"Organization\",\"@id\":\"https:\\\/\\\/sitandplug.com\\\/blog\\\/#organization\",\"name\":\"Sit&amp;Plug\",\"url\":\"https:\\\/\\\/sitandplug.com\\\/blog\\\/\",\"logo\":{\"@type\":\"ImageObject\",\"inLanguage\":\"es\",\"@id\":\"https:\\\/\\\/sitandplug.com\\\/blog\\\/#\\\/schema\\\/logo\\\/image\\\/\",\"url\":\"https:\\\/\\\/sitandplug.com\\\/blog\\\/wp-content\\\/uploads\\\/2025\\\/09\\\/logo-black.svg\",\"contentUrl\":\"https:\\\/\\\/sitandplug.com\\\/blog\\\/wp-content\\\/uploads\\\/2025\\\/09\\\/logo-black.svg\",\"width\":158,\"height\":40,\"caption\":\"Sit&amp;Plug\"},\"image\":{\"@id\":\"https:\\\/\\\/sitandplug.com\\\/blog\\\/#\\\/schema\\\/logo\\\/image\\\/\"}}]}<\/script>\n<!-- \/ Yoast SEO plugin. -->","yoast_head_json":{"title":"Pol\u00edtica de cookies- Sit&amp;Plug","description":"Pol\u00edtica de cookies Usamos cookies para mejorar tu experiencia. Para que todo siga siendo sencillo.\u00a0 La empresa Sitandplug\u00a0se ha comprometido a hacer","robots":{"index":"noindex","follow":"follow"},"og_locale":"es_ES","og_type":"article","og_title":"Pol\u00edtica de cookies- Sit&amp;Plug","og_description":"Pol\u00edtica de cookies Usamos cookies para mejorar tu experiencia. Para que todo siga siendo sencillo.\u00a0 La empresa Sitandplug\u00a0se ha comprometido a hacer","og_url":"https:\/\/sitandplug.com\/blog\/politica-de-cookies\/","og_site_name":"Sit&amp;Plug","article_modified_time":"2025-12-11T15:23:49+00:00","og_image":[{"width":1046,"height":539,"url":"https:\/\/sitandplug.com\/blog\/wp-content\/uploads\/2025\/09\/sitandplug-soccer-drawing.png","type":"image\/png"}],"twitter_card":"summary_large_image","twitter_misc":{"Tiempo de lectura":"3 minutos"},"schema":{"@context":"https:\/\/schema.org","@graph":[{"@type":"WebPage","@id":"https:\/\/sitandplug.com\/blog\/politica-de-cookies\/","url":"https:\/\/sitandplug.com\/blog\/politica-de-cookies\/","name":"Pol\u00edtica de cookies- Sit&amp;Plug","isPartOf":{"@id":"https:\/\/sitandplug.com\/blog\/#website"},"primaryImageOfPage":{"@id":"https:\/\/sitandplug.com\/blog\/politica-de-cookies\/#primaryimage"},"image":{"@id":"https:\/\/sitandplug.com\/blog\/politica-de-cookies\/#primaryimage"},"thumbnailUrl":"https:\/\/sitandplug.com\/blog\/wp-content\/uploads\/2025\/09\/sitandplug-soccer-drawing.png","datePublished":"2025-09-16T16:03:10+00:00","dateModified":"2025-12-11T15:23:49+00:00","description":"Pol\u00edtica de cookies Usamos cookies para mejorar tu experiencia. Para que todo siga siendo sencillo.\u00a0 La empresa Sitandplug\u00a0se ha comprometido a hacer","breadcrumb":{"@id":"https:\/\/sitandplug.com\/blog\/politica-de-cookies\/#breadcrumb"},"inLanguage":"es","potentialAction":[{"@type":"ReadAction","target":["https:\/\/sitandplug.com\/blog\/politica-de-cookies\/"]}]},{"@type":"ImageObject","inLanguage":"es","@id":"https:\/\/sitandplug.com\/blog\/politica-de-cookies\/#primaryimage","url":"https:\/\/sitandplug.com\/blog\/wp-content\/uploads\/2025\/09\/sitandplug-soccer-drawing.png","contentUrl":"https:\/\/sitandplug.com\/blog\/wp-content\/uploads\/2025\/09\/sitandplug-soccer-drawing.png","width":1046,"height":539},{"@type":"BreadcrumbList","@id":"https:\/\/sitandplug.com\/blog\/politica-de-cookies\/#breadcrumb","itemListElement":[{"@type":"ListItem","position":1,"name":"Home","item":"https:\/\/sitandplug.com\/blog\/"},{"@type":"ListItem","position":2,"name":"Pol\u00edtica de cookies"}]},{"@type":"WebSite","@id":"https:\/\/sitandplug.com\/blog\/#website","url":"https:\/\/sitandplug.com\/blog\/","name":"Sit&amp;Plug","description":"Your office everywhere","publisher":{"@id":"https:\/\/sitandplug.com\/blog\/#organization"},"potentialAction":[{"@type":"SearchAction","target":{"@type":"EntryPoint","urlTemplate":"https:\/\/sitandplug.com\/blog\/?s={search_term_string}"},"query-input":{"@type":"PropertyValueSpecification","valueRequired":true,"valueName":"search_term_string"}}],"inLanguage":"es"},{"@type":"Organization","@id":"https:\/\/sitandplug.com\/blog\/#organization","name":"Sit&amp;Plug","url":"https:\/\/sitandplug.com\/blog\/","logo":{"@type":"ImageObject","inLanguage":"es","@id":"https:\/\/sitandplug.com\/blog\/#\/schema\/logo\/image\/","url":"https:\/\/sitandplug.com\/blog\/wp-content\/uploads\/2025\/09\/logo-black.svg","contentUrl":"https:\/\/sitandplug.com\/blog\/wp-content\/uploads\/2025\/09\/logo-black.svg","width":158,"height":40,"caption":"Sit&amp;Plug"},"image":{"@id":"https:\/\/sitandplug.com\/blog\/#\/schema\/logo\/image\/"}}]}},"_links":{"self":[{"href":"https:\/\/sitandplug.com\/blog\/wp-json\/wp\/v2\/pages\/7535","targetHints":{"allow":["GET"]}}],"collection":[{"href":"https:\/\/sitandplug.com\/blog\/wp-json\/wp\/v2\/pages"}],"about":[{"href":"https:\/\/sitandplug.com\/blog\/wp-json\/wp\/v2\/types\/page"}],"author":[{"embeddable":true,"href":"https:\/\/sitandplug.com\/blog\/wp-json\/wp\/v2\/users\/14"}],"replies":[{"embeddable":true,"href":"https:\/\/sitandplug.com\/blog\/wp-json\/wp\/v2\/comments?post=7535"}],"version-history":[{"count":17,"href":"https:\/\/sitandplug.com\/blog\/wp-json\/wp\/v2\/pages\/7535\/revisions"}],"predecessor-version":[{"id":9142,"href":"https:\/\/sitandplug.com\/blog\/wp-json\/wp\/v2\/pages\/7535\/revisions\/9142"}],"wp:attachment":[{"href":"https:\/\/sitandplug.com\/blog\/wp-json\/wp\/v2\/media?parent=7535"}],"curies":[{"name":"wp","href":"https:\/\/api.w.org\/{rel}","templated":true}]}}